{"id":1609,"date":"2024-07-11T14:03:52","date_gmt":"2024-07-11T14:03:52","guid":{"rendered":"https:\/\/janegova.sk\/?page_id=1609"},"modified":"2025-05-27T13:26:32","modified_gmt":"2025-05-27T13:26:32","slug":"ponuka","status":"publish","type":"page","link":"https:\/\/janegova.sk\/en\/ponuka\/","title":{"rendered":"Offer"},"content":{"rendered":"\t\t<div data-elementor-type=\"wp-page\" data-elementor-id=\"1609\" class=\"elementor elementor-1609\" data-elementor-post-type=\"page\">\n\t\t\t\t<div class=\"elementor-element elementor-element-a9fa23f e-flex e-con-boxed e-con e-parent\" data-id=\"a9fa23f\" data-element_type=\"container\" data-settings=\"{&quot;background_background&quot;:&quot;classic&quot;}\">\n\t\t\t\t\t<div class=\"e-con-inner\">\n\t\t<div class=\"elementor-element elementor-element-fc54b2e e-con-full e-flex e-con e-child\" data-id=\"fc54b2e\" data-element_type=\"container\">\n\t\t\t\t<div class=\"elementor-element elementor-element-883599b elementor-widget elementor-widget-heading\" data-id=\"883599b\" data-element_type=\"widget\" data-widget_type=\"heading.default\">\n\t\t\t\t<div class=\"elementor-widget-container\">\n\t\t\t<style>\/*! elementor - v3.22.0 - 26-06-2024 *\/\n.elementor-heading-title{padding:0;margin:0;line-height:1}.elementor-widget-heading .elementor-heading-title[class*=elementor-size-]>a{color:inherit;font-size:inherit;line-height:inherit}.elementor-widget-heading .elementor-heading-title.elementor-size-small{font-size:15px}.elementor-widget-heading .elementor-heading-title.elementor-size-medium{font-size:19px}.elementor-widget-heading .elementor-heading-title.elementor-size-large{font-size:29px}.elementor-widget-heading .elementor-heading-title.elementor-size-xl{font-size:39px}.elementor-widget-heading .elementor-heading-title.elementor-size-xxl{font-size:59px}<\/style><h1 class=\"elementor-heading-title elementor-size-default\">N\u00e1jdite svoju <span class=\"gradient\"> bud\u00facu nehnute\u013enos\u0165 <\/span> v na\u0161ej exkluz\u00edvnej ponuke<\/h1>\t\t<\/div>\n\t\t\t\t<\/div>\n\t\t\t\t<\/div>\n\t\t<div class=\"elementor-element elementor-element-081312f e-con-full e-flex e-con e-child\" data-id=\"081312f\" data-element_type=\"container\">\n\t\t\t\t<\/div>\n\t\t\t\t\t<\/div>\n\t\t\t\t<\/div>\n\t\t<div class=\"elementor-element elementor-element-0336582 e-con-full right_padding e-flex e-con e-parent\" data-id=\"0336582\" data-element_type=\"container\">\n\t\t<div class=\"elementor-element elementor-element-eb0aad6 e-flex e-con-boxed e-con e-child\" data-id=\"eb0aad6\" data-element_type=\"container\" data-settings=\"{&quot;background_background&quot;:&quot;classic&quot;}\">\n\t\t\t\t\t<div class=\"e-con-inner\">\n\t\t\t\t<div class=\"elementor-element elementor-element-f523f8b elementor-widget elementor-widget-heading\" data-id=\"f523f8b\" data-element_type=\"widget\" data-widget_type=\"heading.default\">\n\t\t\t\t<div class=\"elementor-widget-container\">\n\t\t\t<h1 class=\"elementor-heading-title elementor-size-default\">N\u00e1jdite ide\u00e1lny domov<\/h1>\t\t<\/div>\n\t\t\t\t<\/div>\n\t\t\t\t<div class=\"elementor-element elementor-element-d1159ea elementor-button-align-start elementor-widget elementor-widget-houzez_elementor_search_builder\" data-id=\"d1159ea\" data-element_type=\"widget\" data-widget_type=\"houzez_elementor_search_builder.default\">\n\t\t\t\t<div class=\"elementor-widget-container\">\n\t\t\t\n        <form class=\"houzez-search-form-js houzez-search-builder-form-js\" id=\"houzez-search-d1159ea\" method=\"get\" action=\"https:\/\/janegova.sk\/en\/ponuka\/\" >\n\n            \n            <div class=\"houzez-ele-search-form-wrapper elementor-form-fields-wrapper elementor-labels-above\">\n\n                                        <div class=\"elementor-field-group elementor-column form-group elementor-field-group-3827745 elementor-col-20\">\n                    <label for=\"form-field-3827745\" class=\"elementor-field-label\">Lokalita<\/label>        <div class=\"elementor-field elementor-select-wrapper\">\n            <select data-size=\"5\" name=\"location[]\" id=\"form-field-3827745\" class=\"selectpicker bs-select-hidden houzez-field-textual form-control elementor-size-sm houzezSelectFilter houzezCityFilter houzezThirdList houzez-city-js\" data-none-results-text=\"No results matched {0}\" data-target=\"houzezFourthList\">\n                <option data-ref=\"bratislava\" data-belong=\"\" data-subtext=\"\" value=\"bratislava\">Bratislava<\/option><option data-ref=\"liptovsky-mikulas\" data-belong=\"\" data-subtext=\"\" value=\"liptovsky-mikulas\">Liptovsk\u00fd Mikul\u00e1\u0161<\/option><option data-ref=\"vieden\" data-belong=\"\" data-subtext=\"\" value=\"vieden\">Viede\u0148<\/option><option data-ref=\"vysoke-tatry\" data-belong=\"\" data-subtext=\"\" value=\"vysoke-tatry\">Vysok\u00e9 Tatry<\/option>            <\/select>\n        <\/div>\n                            <\/div>\n                    \n                                            <div class=\"elementor-field-group elementor-column form-group elementor-field-group-86287e8 elementor-col-16\">\n                    <label for=\"form-field-86287e8\" class=\"elementor-field-label\">Po\u010det izieb<\/label>        <div class=\"elementor-field elementor-select-wrapper\">\n            <select data-size=\"5\" name=\"type[]\" id=\"form-field-86287e8\" class=\"selectpicker bs-select-hidden houzez-field-textual form-control elementor-size-sm \" data-none-results-text=\"No results matched {0}\">\n                <option data-ref=\"1-izbovy\"   value=\"1-izbovy\">1 izbov\u00fd<\/option><option data-ref=\"2-izbovy\"   value=\"2-izbovy\">2 izbov\u00fd<\/option><option data-ref=\"3-izbovy\"   value=\"3-izbovy\">3 izbov\u00fd<\/option><option data-ref=\"4-izbovy\"   value=\"4-izbovy\">4 izbov\u00fd<\/option><option data-ref=\"5-a-viac\"   value=\"5-a-viac\">5 a viac<\/option><option data-ref=\"ina-budova\"   value=\"ina-budova\">In\u00e1 budova<\/option><option data-ref=\"rodinny-dom\"   value=\"rodinny-dom\">Rodinn\u00fd dom<\/option>            <\/select>\n        <\/div>\n                            <\/div>\n                    \n                                            <div class=\"elementor-field-group elementor-column form-group elementor-field-group-04f8bf6 elementor-col-11\">\n                    <label for=\"form-field-04f8bf6\" class=\"elementor-field-label\">Typ<\/label>        <div class=\"elementor-field elementor-select-wrapper\">\n            <select data-size=\"5\" name=\"country[]\" id=\"form-field-04f8bf6\" class=\"selectpicker bs-select-hidden houzez-field-textual form-control elementor-size-sm houzezSelectFilter houzezCountryFilter houzezFirstList houzez-country-js\" data-none-results-text=\"No results matched {0}\" data-target=\"houzezSecondList\">\n                <option data-ref=\"byty\"   value=\"byty\">Byty<\/option><option data-ref=\"domy\"   value=\"domy\">Domy<\/option><option data-ref=\"objekty\"   value=\"objekty\">Objekty<\/option><option data-ref=\"priestory\"   value=\"priestory\">Priestory<\/option>            <\/select>\n        <\/div>\n                            <\/div>\n                    \n                                            <div class=\"elementor-field-group elementor-column form-group elementor-field-group-5478d95 elementor-col-15\">\n                    <label for=\"form-field-5478d95\" class=\"elementor-field-label\">Druh nehnute\u013enosti<\/label>        <div class=\"elementor-field elementor-select-wrapper\">\n            <select data-size=\"5\" name=\"feature[]\" id=\"form-field-5478d95\" class=\"selectpicker bs-select-hidden houzez-field-textual form-control elementor-size-sm \" data-none-results-text=\"No results matched {0}\">\n                <option data-ref=\"predaj\"   value=\"predaj\">Predaj<\/option><option data-ref=\"prenajom\"   value=\"prenajom\">Pren\u00e1jom<\/option>            <\/select>\n        <\/div>\n                            <\/div>\n                    \n                                            <div class=\"elementor-field-group elementor-column form-group elementor-field-group-e188402 elementor-col-25 houzez-ele-price-slider\">\n                            <div class=\"range-text\">\n            <input type=\"hidden\" name=\"min-price\" class=\"min-price-range-hidden range-input\" readonly >\n            <input type=\"hidden\" name=\"max-price\" class=\"max-price-range-hidden range-input\" readonly >\n            <span class=\"range-title\">Cena<\/span> od <span class=\"min-price-range\"><\/span> do <span class=\"max-price-range\"><\/span>\n        <\/div><!-- range-text -->\n        <div class=\"price-range-wrap\">\n            <div class=\"price-range\"><\/div>\n        <\/div>\n    \n                            <\/div>\n                    \n                                                <div class=\"elementor-field-group elementor-column elementor-field-type-submit elementor-col-100\">\n                                <button type=\"submit\" class=\"houzez-search-button elementor-button elementor-size-sm\">\n                                                                            Zobrazi\u0165 nehnute\u013enosti                                                                    <\/button>\n                            <\/div>\n                            \n                                            <div class=\"elementor-field-group elementor-column form-group elementor-field-group-8692826 elementor-col-100 elementor-hidden-desktop elementor-hidden-tablet elementor-hidden-phone\">\n                            <div class=\"elementor-field elementor-select-wrapper\">\n            <select data-size=\"5\" name=\"label[]\" id=\"form-field-8692826\" class=\"selectpicker bs-select-hidden houzez-field-textual form-control elementor-size-sm \" data-none-results-text=\"No results matched {0}\">\n                <option data-ref=\"dostupna\"   value=\"dostupna\">Dostupn\u00e1<\/option><option data-ref=\"predana\"   value=\"predana\">Predan\u00e1<\/option>            <\/select>\n        <\/div>\n                            <\/div>\n                    \n                    \n            <\/div><!-- End wrapper-->\n\n        <\/form>\n\n        \t\t<\/div>\n\t\t\t\t<\/div>\n\t\t\t\t\t<\/div>\n\t\t\t\t<\/div>\n\t\t\t\t<\/div>\n\t\t\t\t<\/div>\n\t\t","protected":false},"excerpt":{"rendered":"<p>N\u00e1jdite svoju bud\u00facu nehnute\u013enos\u0165 v na\u0161ej exkluz\u00edvnej ponuke N\u00e1jdite ide\u00e1lny domov Lokalita BratislavaLiptovsk\u00fd Mikul\u00e1\u0161 Po\u010det izieb 1 izbov\u00fd2 izbov\u00fd3 izbov\u00fd4 izbov\u00fd5 a viac Typ BytyDomyObjektyPriestory Druh nehnute\u013enosti PredajPren\u00e1jom Cena od do Zobrazi\u0165 nehnute\u013enosti Dostupn\u00e1Predan\u00e1<\/p>","protected":false},"author":2,"featured_media":0,"parent":0,"menu_order":0,"comment_status":"closed","ping_status":"closed","template":"template\/template-search.php","meta":{"_acf_changed":false,"footnotes":""},"class_list":["post-1609","page","type-page","status-publish","hentry"],"acf":[],"yoast_head":"<!-- This site is optimized with the Yoast SEO plugin v27.3 - https:\/\/yoast.com\/product\/yoast-seo-wordpress\/ -->\n<title>Ponuka - Janegova<\/title>\n<meta name=\"robots\" content=\"index, follow, max-snippet:-1, max-image-preview:large, max-video-preview:-1\" \/>\n<link rel=\"canonical\" href=\"https:\/\/janegova.sk\/en\/ponuka\/\" \/>\n<meta property=\"og:locale\" content=\"en_GB\" \/>\n<meta property=\"og:type\" content=\"article\" \/>\n<meta property=\"og:title\" content=\"Ponuka - Janegova\" \/>\n<meta property=\"og:description\" content=\"N\u00e1jdite svoju bud\u00facu nehnute\u013enos\u0165 v na\u0161ej exkluz\u00edvnej ponuke N\u00e1jdite ide\u00e1lny domov Lokalita BratislavaLiptovsk\u00fd Mikul\u00e1\u0161 Po\u010det izieb 1 izbov\u00fd2 izbov\u00fd3 izbov\u00fd4 izbov\u00fd5 a viac Typ BytyDomyObjektyPriestory Druh nehnute\u013enosti PredajPren\u00e1jom Cena od do Zobrazi\u0165 nehnute\u013enosti Dostupn\u00e1Predan\u00e1\" \/>\n<meta property=\"og:url\" content=\"https:\/\/janegova.sk\/en\/ponuka\/\" \/>\n<meta property=\"og:site_name\" content=\"Janegova\" \/>\n<meta property=\"article:modified_time\" content=\"2025-05-27T13:26:32+00:00\" \/>\n<meta name=\"twitter:card\" content=\"summary_large_image\" \/>\n<meta name=\"twitter:label1\" content=\"Estimated reading time\" \/>\n\t<meta name=\"twitter:data1\" content=\"1 minute\" \/>\n<script type=\"application\/ld+json\" class=\"yoast-schema-graph\">{\"@context\":\"https:\\\/\\\/schema.org\",\"@graph\":[{\"@type\":\"WebPage\",\"@id\":\"https:\\\/\\\/janegova.sk\\\/ponuka\\\/\",\"url\":\"https:\\\/\\\/janegova.sk\\\/ponuka\\\/\",\"name\":\"Ponuka - Janegova\",\"isPartOf\":{\"@id\":\"https:\\\/\\\/janegova.sk\\\/#website\"},\"datePublished\":\"2024-07-11T14:03:52+00:00\",\"dateModified\":\"2025-05-27T13:26:32+00:00\",\"breadcrumb\":{\"@id\":\"https:\\\/\\\/janegova.sk\\\/ponuka\\\/#breadcrumb\"},\"inLanguage\":\"en-GB\",\"potentialAction\":[{\"@type\":\"ReadAction\",\"target\":[\"https:\\\/\\\/janegova.sk\\\/ponuka\\\/\"]}]},{\"@type\":\"BreadcrumbList\",\"@id\":\"https:\\\/\\\/janegova.sk\\\/ponuka\\\/#breadcrumb\",\"itemListElement\":[{\"@type\":\"ListItem\",\"position\":1,\"name\":\"Domovsk\u00e1 str\u00e1nka\",\"item\":\"https:\\\/\\\/janegova.sk\\\/\"},{\"@type\":\"ListItem\",\"position\":2,\"name\":\"Ponuka\"}]},{\"@type\":\"WebSite\",\"@id\":\"https:\\\/\\\/janegova.sk\\\/#website\",\"url\":\"https:\\\/\\\/janegova.sk\\\/\",\"name\":\"Janegova\",\"description\":\"\",\"publisher\":{\"@id\":\"https:\\\/\\\/janegova.sk\\\/#organization\"},\"potentialAction\":[{\"@type\":\"SearchAction\",\"target\":{\"@type\":\"EntryPoint\",\"urlTemplate\":\"https:\\\/\\\/janegova.sk\\\/?s={search_term_string}\"},\"query-input\":{\"@type\":\"PropertyValueSpecification\",\"valueRequired\":true,\"valueName\":\"search_term_string\"}}],\"inLanguage\":\"en-GB\"},{\"@type\":\"Organization\",\"@id\":\"https:\\\/\\\/janegova.sk\\\/#organization\",\"name\":\"Janegova\",\"url\":\"https:\\\/\\\/janegova.sk\\\/\",\"logo\":{\"@type\":\"ImageObject\",\"inLanguage\":\"en-GB\",\"@id\":\"https:\\\/\\\/janegova.sk\\\/#\\\/schema\\\/logo\\\/image\\\/\",\"url\":\"https:\\\/\\\/janegova.sk\\\/wp-content\\\/uploads\\\/2024\\\/05\\\/Layer_1.svg\",\"contentUrl\":\"https:\\\/\\\/janegova.sk\\\/wp-content\\\/uploads\\\/2024\\\/05\\\/Layer_1.svg\",\"width\":78,\"height\":98,\"caption\":\"Janegova\"},\"image\":{\"@id\":\"https:\\\/\\\/janegova.sk\\\/#\\\/schema\\\/logo\\\/image\\\/\"}}]}<\/script>\n<!-- \/ Yoast SEO plugin. -->","yoast_head_json":{"title":"Ponuka - Janegova","robots":{"index":"index","follow":"follow","max-snippet":"max-snippet:-1","max-image-preview":"max-image-preview:large","max-video-preview":"max-video-preview:-1"},"canonical":"https:\/\/janegova.sk\/en\/ponuka\/","og_locale":"en_GB","og_type":"article","og_title":"Ponuka - Janegova","og_description":"N\u00e1jdite svoju bud\u00facu nehnute\u013enos\u0165 v na\u0161ej exkluz\u00edvnej ponuke N\u00e1jdite ide\u00e1lny domov Lokalita BratislavaLiptovsk\u00fd Mikul\u00e1\u0161 Po\u010det izieb 1 izbov\u00fd2 izbov\u00fd3 izbov\u00fd4 izbov\u00fd5 a viac Typ BytyDomyObjektyPriestory Druh nehnute\u013enosti PredajPren\u00e1jom Cena od do Zobrazi\u0165 nehnute\u013enosti Dostupn\u00e1Predan\u00e1","og_url":"https:\/\/janegova.sk\/en\/ponuka\/","og_site_name":"Janegova","article_modified_time":"2025-05-27T13:26:32+00:00","twitter_card":"summary_large_image","twitter_misc":{"Estimated reading time":"1 minute"},"schema":{"@context":"https:\/\/schema.org","@graph":[{"@type":"WebPage","@id":"https:\/\/janegova.sk\/ponuka\/","url":"https:\/\/janegova.sk\/ponuka\/","name":"Ponuka - Janegova","isPartOf":{"@id":"https:\/\/janegova.sk\/#website"},"datePublished":"2024-07-11T14:03:52+00:00","dateModified":"2025-05-27T13:26:32+00:00","breadcrumb":{"@id":"https:\/\/janegova.sk\/ponuka\/#breadcrumb"},"inLanguage":"en-GB","potentialAction":[{"@type":"ReadAction","target":["https:\/\/janegova.sk\/ponuka\/"]}]},{"@type":"BreadcrumbList","@id":"https:\/\/janegova.sk\/ponuka\/#breadcrumb","itemListElement":[{"@type":"ListItem","position":1,"name":"Domovsk\u00e1 str\u00e1nka","item":"https:\/\/janegova.sk\/"},{"@type":"ListItem","position":2,"name":"Ponuka"}]},{"@type":"WebSite","@id":"https:\/\/janegova.sk\/#website","url":"https:\/\/janegova.sk\/","name":"Janegova","description":"","publisher":{"@id":"https:\/\/janegova.sk\/#organization"},"potentialAction":[{"@type":"SearchAction","target":{"@type":"EntryPoint","urlTemplate":"https:\/\/janegova.sk\/?s={search_term_string}"},"query-input":{"@type":"PropertyValueSpecification","valueRequired":true,"valueName":"search_term_string"}}],"inLanguage":"en-GB"},{"@type":"Organization","@id":"https:\/\/janegova.sk\/#organization","name":"Janegova","url":"https:\/\/janegova.sk\/","logo":{"@type":"ImageObject","inLanguage":"en-GB","@id":"https:\/\/janegova.sk\/#\/schema\/logo\/image\/","url":"https:\/\/janegova.sk\/wp-content\/uploads\/2024\/05\/Layer_1.svg","contentUrl":"https:\/\/janegova.sk\/wp-content\/uploads\/2024\/05\/Layer_1.svg","width":78,"height":98,"caption":"Janegova"},"image":{"@id":"https:\/\/janegova.sk\/#\/schema\/logo\/image\/"}}]}},"_links":{"self":[{"href":"https:\/\/janegova.sk\/en\/wp-json\/wp\/v2\/pages\/1609","targetHints":{"allow":["GET"]}}],"collection":[{"href":"https:\/\/janegova.sk\/en\/wp-json\/wp\/v2\/pages"}],"about":[{"href":"https:\/\/janegova.sk\/en\/wp-json\/wp\/v2\/types\/page"}],"author":[{"embeddable":true,"href":"https:\/\/janegova.sk\/en\/wp-json\/wp\/v2\/users\/2"}],"replies":[{"embeddable":true,"href":"https:\/\/janegova.sk\/en\/wp-json\/wp\/v2\/comments?post=1609"}],"version-history":[{"count":52,"href":"https:\/\/janegova.sk\/en\/wp-json\/wp\/v2\/pages\/1609\/revisions"}],"predecessor-version":[{"id":8249,"href":"https:\/\/janegova.sk\/en\/wp-json\/wp\/v2\/pages\/1609\/revisions\/8249"}],"wp:attachment":[{"href":"https:\/\/janegova.sk\/en\/wp-json\/wp\/v2\/media?parent=1609"}],"curies":[{"name":"wp","href":"https:\/\/api.w.org\/{rel}","templated":true}]}}